{"id":1642,"date":"2022-04-05T11:07:35","date_gmt":"2022-04-05T16:07:35","guid":{"rendered":"http:\/\/warissoft.com\/blog\/?page_id=1642"},"modified":"2022-04-30T12:33:04","modified_gmt":"2022-04-30T17:33:04","slug":"proyectos","status":"publish","type":"page","link":"https:\/\/warissoft.com\/blog\/waris2000-control-de-obras\/gerencia-de-obras\/proyectos\/","title":{"rendered":"PROYECTOS"},"content":{"rendered":"\n<p>Contiene la informaci\u00f3n que identifica a un proyecto espec\u00edfico, el presupuesto o presupuestos que lo componen y el contenedor de los documentos que se generan durante las diferentes etapas del proyecto.<\/p>\n\n\n\n<ul class=\"wp-block-list\"><li>Definici\u00f3n y presupuestos del proyecto<\/li><li>Gesti\u00f3n automatizada de los documentos<\/li><\/ul>\n\n\n\n<h3 class=\"wp-block-heading\" id=\"proyectos_presupuestos\"> DEFINICI\u00d3N Y PRESUPUESTOS DEL PROYECTO<\/h3>\n\n\n\n<p>La  ficha del proyecto contiene la informaci\u00f3n y los presupuestos que conforman el proyecto. Adem\u00e1s, permite analizar individualmente y luego consolidar los presupuestos de cada especialidad en un \u00fanico presupuesto que se utiliza para la programaci\u00f3n. <\/p>\n\n\n\n<figure class=\"wp-block-image size-full\"><img loading=\"lazy\" decoding=\"async\" width=\"1647\" height=\"910\" src=\"http:\/\/warissoft.com\/blog\/wp-content\/uploads\/2022\/04\/proyectos.png\" alt=\"\" class=\"wp-image-1782\" srcset=\"https:\/\/warissoft.com\/blog\/wp-content\/uploads\/2022\/04\/proyectos.png 1647w, https:\/\/warissoft.com\/blog\/wp-content\/uploads\/2022\/04\/proyectos-300x166.png 300w, https:\/\/warissoft.com\/blog\/wp-content\/uploads\/2022\/04\/proyectos-1024x566.png 1024w, https:\/\/warissoft.com\/blog\/wp-content\/uploads\/2022\/04\/proyectos-768x424.png 768w, https:\/\/warissoft.com\/blog\/wp-content\/uploads\/2022\/04\/proyectos-1536x849.png 1536w\" sizes=\"auto, (max-width: 1647px) 100vw, 1647px\" \/><figcaption>FICHA DEL PROYECTO<\/figcaption><\/figure>\n\n\n\n<h3 class=\"wp-block-heading\" id=\"proyectos_documentos\">GESTI\u00d3N AUTOMATIZADA DE LOS DOCUMENTOS<\/h3>\n\n\n\n<p> El sistema para cada proyecto genera una carpeta  que utilizar\u00e1 para guardar todos los documentos que se generen.  Las ubicaciones en el disco y los nombres de los documentos generados por los diferentes procesos, desde la elaboraci\u00f3n del presupuesto hasta la terminaci\u00f3n del \u00faltimo entregable que se ha programado, son administradas autom\u00e1ticamente por el sistema. La<strong> estandarizaci\u00f3n<\/strong> de los procesos de  almacenamiento, nombramiento (asignaci\u00f3n de un nombre)  y recuperaci\u00f3n de los documentos del proyecto genera un gran ahorro de horas hombre y  facilita la  comunicaci\u00f3n entre todos los responsables de la obra.  Adem\u00e1s,  se aumenta la confiabilidad,  transparencia en la utilizaci\u00f3n de la informaci\u00f3n y,  la no menos importante,  <strong>determinar la oportunidad de la lectura y el  an\u00e1lisis<\/strong> de la informaci\u00f3n contenida en los documentos.   <\/p>\n\n\n\n<figure class=\"wp-block-image size-large\"><img loading=\"lazy\" decoding=\"async\" width=\"1024\" height=\"563\" src=\"http:\/\/warissoft.com\/blog\/wp-content\/uploads\/2022\/04\/contenedor_de_documentos_1-1024x563.png\" alt=\"\" class=\"wp-image-1787\" srcset=\"https:\/\/warissoft.com\/blog\/wp-content\/uploads\/2022\/04\/contenedor_de_documentos_1-1024x563.png 1024w, https:\/\/warissoft.com\/blog\/wp-content\/uploads\/2022\/04\/contenedor_de_documentos_1-300x165.png 300w, https:\/\/warissoft.com\/blog\/wp-content\/uploads\/2022\/04\/contenedor_de_documentos_1-768x422.png 768w, https:\/\/warissoft.com\/blog\/wp-content\/uploads\/2022\/04\/contenedor_de_documentos_1-1536x845.png 1536w, https:\/\/warissoft.com\/blog\/wp-content\/uploads\/2022\/04\/contenedor_de_documentos_1.png 1646w\" sizes=\"auto, (max-width: 1024px) 100vw, 1024px\" \/><figcaption>CONTENEDOR DE DOCUMENTOS<\/figcaption><\/figure>\n\n\n\n<div class=\"wp-block-columns is-layout-flex wp-container-core-columns-is-layout-9d6595d7 wp-block-columns-is-layout-flex\">\n<div class=\"wp-block-column is-layout-flow wp-block-column-is-layout-flow\"><\/div>\n\n\n\n<div class=\"wp-block-column is-layout-flow wp-block-column-is-layout-flow\"><\/div>\n<\/div>\n","protected":false},"excerpt":{"rendered":"<p>Contiene la informaci\u00f3n que identifica a un proyecto espec\u00edfico, el presupuesto o presupuestos que lo componen y el contenedor de[&#8230;]<\/p>\n","protected":false},"author":2,"featured_media":0,"parent":428,"menu_order":1,"comment_status":"closed","ping_status":"closed","template":"","meta":{"footnotes":""},"class_list":["post-1642","page","type-page","status-publish","hentry"],"_links":{"self":[{"href":"https:\/\/warissoft.com\/blog\/wp-json\/wp\/v2\/pages\/1642","targetHints":{"allow":["GET"]}}],"collection":[{"href":"https:\/\/warissoft.com\/blog\/wp-json\/wp\/v2\/pages"}],"about":[{"href":"https:\/\/warissoft.com\/blog\/wp-json\/wp\/v2\/types\/page"}],"author":[{"embeddable":true,"href":"https:\/\/warissoft.com\/blog\/wp-json\/wp\/v2\/users\/2"}],"replies":[{"embeddable":true,"href":"https:\/\/warissoft.com\/blog\/wp-json\/wp\/v2\/comments?post=1642"}],"version-history":[{"count":31,"href":"https:\/\/warissoft.com\/blog\/wp-json\/wp\/v2\/pages\/1642\/revisions"}],"predecessor-version":[{"id":2349,"href":"https:\/\/warissoft.com\/blog\/wp-json\/wp\/v2\/pages\/1642\/revisions\/2349"}],"up":[{"embeddable":true,"href":"https:\/\/warissoft.com\/blog\/wp-json\/wp\/v2\/pages\/428"}],"wp:attachment":[{"href":"https:\/\/warissoft.com\/blog\/wp-json\/wp\/v2\/media?parent=1642"}],"curies":[{"name":"wp","href":"https:\/\/api.w.org\/{rel}","templated":true}]}}