{"id":1226,"date":"2019-08-23T10:55:18","date_gmt":"2019-08-23T15:55:18","guid":{"rendered":"http:\/\/warissoft.com\/blog\/?page_id=1226"},"modified":"2022-04-26T20:31:43","modified_gmt":"2022-04-27T01:31:43","slug":"resultados-operativos","status":"publish","type":"page","link":"https:\/\/warissoft.com\/blog\/waris2000-control-de-obras\/gerencia-de-obras\/resultados-operativos\/","title":{"rendered":"RESULTADOS OPERATIVOS (RO Y EVM)"},"content":{"rendered":"\n<p>Una de las principales caracter\u00edsticas de la plataforma es proporcionar semanalmente los resultados operativos del trabajo realizado. <\/p>\n\n\n\n<h3 class=\"wp-block-heading\">EL TRABAJO COMO CENTRO DE COSTO<\/h3>\n\n\n\n<p>El costo directo del <a href=\"http:\/\/warissoft.com\/blog\/waris2000-control-de-obras\/gerencia-de-obras\/presupuestos\/\" data-type=\"page\" data-id=\"1216\">Presupuesto<\/a> de obra se considera como el costo en el tiempo cero.  La herramienta de <a href=\"http:\/\/warissoft.com\/blog\/waris2000-control-de-obras\/gerencia-de-obras\/programacion-de-obra\/\" data-type=\"page\" data-id=\"1220\">Programaci\u00f3n<\/a> distribuye el costo presupuestado a trav\u00e9s del tiempo en que se planifica terminar la ejecuci\u00f3n de la obra.<\/p>\n\n\n\n<p><\/p>\n\n\n\n<h3 class=\"wp-block-heading\"><strong>TABLERO GR\u00c1FICO DE LOS INDICADORES DE RESULTADOS  <\/strong><\/h3>\n\n\n\n<figure class=\"wp-block-image size-large\"><img loading=\"lazy\" decoding=\"async\" width=\"1024\" height=\"527\" src=\"http:\/\/warissoft.com\/blog\/wp-content\/uploads\/2022\/04\/tablero_de_control_de_costos-1024x527.png\" alt=\"\" class=\"wp-image-2222\" srcset=\"https:\/\/warissoft.com\/blog\/wp-content\/uploads\/2022\/04\/tablero_de_control_de_costos-1024x527.png 1024w, https:\/\/warissoft.com\/blog\/wp-content\/uploads\/2022\/04\/tablero_de_control_de_costos-300x154.png 300w, https:\/\/warissoft.com\/blog\/wp-content\/uploads\/2022\/04\/tablero_de_control_de_costos-768x396.png 768w, https:\/\/warissoft.com\/blog\/wp-content\/uploads\/2022\/04\/tablero_de_control_de_costos.png 1367w\" sizes=\"auto, (max-width: 1024px) 100vw, 1024px\" \/><figcaption>TABLERO DE CONTROL DE COSTOS<\/figcaption><\/figure>\n\n\n\n<h4 class=\"wp-block-heading\"><strong>RESULTADO (ROP) D\u00cdA POR ENTREGABLE &#8211; ESTRUCTURA DE COSTOS<\/strong><\/h4>\n\n\n\n<figure class=\"wp-block-image\"><img loading=\"lazy\" decoding=\"async\" width=\"1024\" height=\"251\" src=\"http:\/\/warissoft.com\/blog\/wp-content\/uploads\/2019\/08\/rop_estructura_de_costos-1024x251.png\" alt=\"\" class=\"wp-image-1469\" srcset=\"https:\/\/warissoft.com\/blog\/wp-content\/uploads\/2019\/08\/rop_estructura_de_costos-1024x251.png 1024w, https:\/\/warissoft.com\/blog\/wp-content\/uploads\/2019\/08\/rop_estructura_de_costos-300x74.png 300w, https:\/\/warissoft.com\/blog\/wp-content\/uploads\/2019\/08\/rop_estructura_de_costos-768x188.png 768w, https:\/\/warissoft.com\/blog\/wp-content\/uploads\/2019\/08\/rop_estructura_de_costos.png 1337w\" sizes=\"auto, (max-width: 1024px) 100vw, 1024px\" \/><\/figure>\n\n\n\n<h4 class=\"wp-block-heading\"><strong>RESULTADO (ROP) D\u00cdA POR TRABAJO &#8211; PRODUCTIVIDAD MANO DE OBRA<\/strong><\/h4>\n\n\n\n<figure class=\"wp-block-image\"><img loading=\"lazy\" decoding=\"async\" width=\"1024\" height=\"246\" src=\"http:\/\/warissoft.com\/blog\/wp-content\/uploads\/2019\/08\/rop_horas_hombre-1024x246.png\" alt=\"\" class=\"wp-image-1470\" srcset=\"https:\/\/warissoft.com\/blog\/wp-content\/uploads\/2019\/08\/rop_horas_hombre-1024x246.png 1024w, https:\/\/warissoft.com\/blog\/wp-content\/uploads\/2019\/08\/rop_horas_hombre-300x72.png 300w, https:\/\/warissoft.com\/blog\/wp-content\/uploads\/2019\/08\/rop_horas_hombre-768x185.png 768w, https:\/\/warissoft.com\/blog\/wp-content\/uploads\/2019\/08\/rop_horas_hombre.png 1342w\" sizes=\"auto, (max-width: 1024px) 100vw, 1024px\" \/><\/figure>\n\n\n\n<h4 class=\"wp-block-heading\"><strong>AN\u00c1LISIS DIN\u00c1MICO DE LA CURVA &#8216;S&#8217;<\/strong><\/h4>\n\n\n\n<figure class=\"wp-block-image size-large\"><img loading=\"lazy\" decoding=\"async\" width=\"1024\" height=\"478\" src=\"http:\/\/warissoft.com\/blog\/wp-content\/uploads\/2022\/04\/grafica_evm_curva_s-1024x478.png\" alt=\"\" class=\"wp-image-2224\" srcset=\"https:\/\/warissoft.com\/blog\/wp-content\/uploads\/2022\/04\/grafica_evm_curva_s-1024x478.png 1024w, https:\/\/warissoft.com\/blog\/wp-content\/uploads\/2022\/04\/grafica_evm_curva_s-300x140.png 300w, https:\/\/warissoft.com\/blog\/wp-content\/uploads\/2022\/04\/grafica_evm_curva_s-768x359.png 768w, https:\/\/warissoft.com\/blog\/wp-content\/uploads\/2022\/04\/grafica_evm_curva_s.png 1356w\" sizes=\"auto, (max-width: 1024px) 100vw, 1024px\" \/><figcaption>VALORES Y GR\u00c1FICAS DEL VALO GANADO &#8211; CURVA &#8216;S&#8217;<\/figcaption><\/figure>\n\n\n\n<h4 class=\"wp-block-heading\"><strong>CUADRO DE RESUMEN DE LAS VARIABLES DEL  MODELO (EVM)<\/strong><\/h4>\n\n\n\n<figure class=\"wp-block-image size-large\"><img loading=\"lazy\" decoding=\"async\" width=\"1024\" height=\"283\" src=\"http:\/\/warissoft.com\/blog\/wp-content\/uploads\/2022\/04\/evm_valores_historicos-1024x283.png\" alt=\"\" class=\"wp-image-2226\" srcset=\"https:\/\/warissoft.com\/blog\/wp-content\/uploads\/2022\/04\/evm_valores_historicos-1024x283.png 1024w, https:\/\/warissoft.com\/blog\/wp-content\/uploads\/2022\/04\/evm_valores_historicos-300x83.png 300w, https:\/\/warissoft.com\/blog\/wp-content\/uploads\/2022\/04\/evm_valores_historicos-768x212.png 768w, https:\/\/warissoft.com\/blog\/wp-content\/uploads\/2022\/04\/evm_valores_historicos.png 1356w\" sizes=\"auto, (max-width: 1024px) 100vw, 1024px\" \/><figcaption>CUADRO DE VALORES SEMANALES HIST\u00d3RICOS DEL MODELO EVM<\/figcaption><\/figure>\n\n\n\n<h4 class=\"wp-block-heading\">AN\u00c1LISIS (EVM) SEMANAL DEL TRABAJO EJECUTADO<\/h4>\n\n\n\n<p>Semanalmente la plataforma realiza y muestra un an\u00e1lisis de los resultados semanales utilizando el m\u00e9todo del Valor ganado.<\/p>\n\n\n\n<figure class=\"wp-block-image size-large\"><img loading=\"lazy\" decoding=\"async\" width=\"1024\" height=\"475\" src=\"http:\/\/warissoft.com\/blog\/wp-content\/uploads\/2022\/04\/informe_evm_semanal-1024x475.png\" alt=\"\" class=\"wp-image-2228\" srcset=\"https:\/\/warissoft.com\/blog\/wp-content\/uploads\/2022\/04\/informe_evm_semanal-1024x475.png 1024w, https:\/\/warissoft.com\/blog\/wp-content\/uploads\/2022\/04\/informe_evm_semanal-300x139.png 300w, https:\/\/warissoft.com\/blog\/wp-content\/uploads\/2022\/04\/informe_evm_semanal-768x356.png 768w, https:\/\/warissoft.com\/blog\/wp-content\/uploads\/2022\/04\/informe_evm_semanal.png 1356w\" sizes=\"auto, (max-width: 1024px) 100vw, 1024px\" \/><figcaption>AN\u00c1LISIS SEMANAL DE LOS RESULTADOS UTILIZANDO EL M\u00c9TODO EVM<\/figcaption><\/figure>\n\n\n\n<h4 class=\"wp-block-heading\">VISUALIZACI\u00d3N DIN\u00c1MICA DEL CPI &#8211; SPI &#8211; TCPI<\/h4>\n\n\n\n<figure class=\"wp-block-image size-large\"><img loading=\"lazy\" decoding=\"async\" width=\"1024\" height=\"477\" src=\"http:\/\/warissoft.com\/blog\/wp-content\/uploads\/2022\/04\/grafica_cpi_spi_tcpi_1-1024x477.png\" alt=\"\" class=\"wp-image-2234\" srcset=\"https:\/\/warissoft.com\/blog\/wp-content\/uploads\/2022\/04\/grafica_cpi_spi_tcpi_1-1024x477.png 1024w, https:\/\/warissoft.com\/blog\/wp-content\/uploads\/2022\/04\/grafica_cpi_spi_tcpi_1-300x140.png 300w, https:\/\/warissoft.com\/blog\/wp-content\/uploads\/2022\/04\/grafica_cpi_spi_tcpi_1-768x357.png 768w, https:\/\/warissoft.com\/blog\/wp-content\/uploads\/2022\/04\/grafica_cpi_spi_tcpi_1.png 1356w\" sizes=\"auto, (max-width: 1024px) 100vw, 1024px\" \/><figcaption>GR\u00c1FICA DE LOS VALORES SEMANALES DEL CPI &#8211; SPI &#8211; TCPI<\/figcaption><\/figure>\n\n\n\n<h4 class=\"wp-block-heading\">AN\u00c1LISIS DEL RESULTADO OPERATIVO <\/h4>\n\n\n\n<figure class=\"wp-block-image size-large\"><img loading=\"lazy\" decoding=\"async\" width=\"1024\" height=\"453\" src=\"http:\/\/warissoft.com\/blog\/wp-content\/uploads\/2022\/04\/analisis_ro_diario-1024x453.png\" alt=\"\" class=\"wp-image-2237\" srcset=\"https:\/\/warissoft.com\/blog\/wp-content\/uploads\/2022\/04\/analisis_ro_diario-1024x453.png 1024w, https:\/\/warissoft.com\/blog\/wp-content\/uploads\/2022\/04\/analisis_ro_diario-300x133.png 300w, https:\/\/warissoft.com\/blog\/wp-content\/uploads\/2022\/04\/analisis_ro_diario-768x340.png 768w, https:\/\/warissoft.com\/blog\/wp-content\/uploads\/2022\/04\/analisis_ro_diario-1536x680.png 1536w, https:\/\/warissoft.com\/blog\/wp-content\/uploads\/2022\/04\/analisis_ro_diario.png 1705w\" sizes=\"auto, (max-width: 1024px) 100vw, 1024px\" \/><figcaption>AN\u00c1LISIS DEL RESULTADO OPERATIVO DE CADA TRABAJO <\/figcaption><\/figure>\n\n\n\n<p>  <\/p>\n\n\n\n<h4 class=\"wp-block-heading\">COSTO OPERATIVO DE UN TRABAJO<\/h4>\n\n\n\n<p>Los Trabajos a nivel del control de costos se conceptualiza como un \u00abcentro de costos\u00bb.  Se le asignan los recursos que utilizan, puede ser subcontratado total o parcialmente; por ejemplo, s\u00f3lo se subcontrata la mano de obra y los dem\u00e1s recursos los suministra el contratante. Tambi\u00e9n,  se supervisa, en fechas establecidas,  su avance programado y real.   <\/p>\n\n\n\n<div class=\"wp-block-columns is-layout-flex wp-container-core-columns-is-layout-9d6595d7 wp-block-columns-is-layout-flex\">\n<div class=\"wp-block-column is-layout-flow wp-block-column-is-layout-flow\" style=\"flex-basis:66.66%\">\n<figure class=\"wp-block-image size-full\"><img loading=\"lazy\" decoding=\"async\" width=\"762\" height=\"573\" src=\"http:\/\/warissoft.com\/blog\/wp-content\/uploads\/2022\/04\/resultado_operativo_de_un_trabajo.png\" alt=\"\" class=\"wp-image-2240\" srcset=\"https:\/\/warissoft.com\/blog\/wp-content\/uploads\/2022\/04\/resultado_operativo_de_un_trabajo.png 762w, https:\/\/warissoft.com\/blog\/wp-content\/uploads\/2022\/04\/resultado_operativo_de_un_trabajo-300x226.png 300w\" sizes=\"auto, (max-width: 762px) 100vw, 762px\" \/><figcaption>AN\u00c1LISIS DEL RESULTADO OPERATIVO DE UN TRABAJO<\/figcaption><\/figure>\n<\/div>\n\n\n\n<div class=\"wp-block-column is-layout-flow wp-block-column-is-layout-flow\" style=\"flex-basis:33.33%\">\n<p>En el formulario se observa los datos generales del Trabajo, la<strong> duraci\u00f3n<\/strong> programada y real.<\/p>\n\n\n\n<p><strong>Per\u00edodo de ejecuci\u00f3n<\/strong> programada y real.  <strong>Costo<\/strong> y<strong> avance<\/strong>, programado y real. <\/p>\n\n\n\n<p><strong>Estructura de costos<\/strong>, programados y reales,  comparados. Adem\u00e1s,  el \u00cdndice de eficiencia del costo (<strong>CPI<\/strong>).<\/p>\n\n\n\n<p>Acceso a las funciones de an\u00e1lisis de l<strong>os recursos<\/strong> presupuestados y programado.<\/p>\n<\/div>\n<\/div>\n\n\n\n<h4 class=\"wp-block-heading\">Compara recursos programado con los utilizados<\/h4>\n\n\n\n<p>Luego de calcular el costo operativo de un Trabajo, se realiza la comparaci\u00f3n de las cantidades y los costos programados (presupuestados) con los realmente utilizados. La comparaci\u00f3n se realiza con la mano de obra, materiales y equipos. En la siguiente imagen se muestra el an\u00e1lisis de los materiales. <\/p>\n\n\n\n<figure class=\"wp-block-image size-full\"><img loading=\"lazy\" decoding=\"async\" width=\"1014\" height=\"472\" src=\"http:\/\/warissoft.com\/blog\/wp-content\/uploads\/2022\/04\/comparacion_de_los_recursos.png\" alt=\"\" class=\"wp-image-2243\" srcset=\"https:\/\/warissoft.com\/blog\/wp-content\/uploads\/2022\/04\/comparacion_de_los_recursos.png 1014w, https:\/\/warissoft.com\/blog\/wp-content\/uploads\/2022\/04\/comparacion_de_los_recursos-300x140.png 300w, https:\/\/warissoft.com\/blog\/wp-content\/uploads\/2022\/04\/comparacion_de_los_recursos-768x357.png 768w\" sizes=\"auto, (max-width: 1014px) 100vw, 1014px\" \/><figcaption>COMOPARACI\u00d3N DE LOS MATERIALES PROGRAMADOS CON LOS UTILIZADOS<\/figcaption><\/figure>\n\n\n\n<div class=\"wp-block-columns is-layout-flex wp-container-core-columns-is-layout-9d6595d7 wp-block-columns-is-layout-flex\">\n<div class=\"wp-block-column is-layout-flow wp-block-column-is-layout-flow\">\n<p>La relaci\u00f3n de recursos que se muestran incluye los programados (presupuestados seg\u00fan los APU\u00b4s de las partidas) y aquellos que se han utilizado y no se hab\u00edan presupuestado (no se registraron en ninguno de los APU\u00b4s de las partidas). <\/p>\n<\/div>\n<\/div>\n\n\n\n<h4 class=\"wp-block-heading\">REPORTES DETALLADOS DE LOS RESULTADO<\/h4>\n\n\n\n<p class=\"has-text-align-left\">La plataforma incluye un completo conjunto de informes que permite la participaci\u00f3n de diferentes actores en el an\u00e1lisis de los resultados operativos.  Se dispone de resultados a nivel de cada Trabajo, todos los Trabajos, especialidades, ubicaciones y cualquier otro criterio que se requieran en todo momento.<\/p>\n\n\n\n<h5 class=\"wp-block-heading\">AN\u00c1LISIS DEL RESULTADO OPERATIVO DE UN TRABAJO<\/h5>\n\n\n\n<p>Reporte en el cual se muestra la cantidad real de cada tipo de recurso utilizado. <\/p>\n\n\n\n<div class=\"wp-block-columns is-layout-flex wp-container-core-columns-is-layout-9d6595d7 wp-block-columns-is-layout-flex\">\n<div class=\"wp-block-column is-layout-flow wp-block-column-is-layout-flow\" style=\"flex-basis:66.66%\">\n<figure class=\"wp-block-image size-full\"><img loading=\"lazy\" decoding=\"async\" width=\"822\" height=\"774\" src=\"http:\/\/warissoft.com\/blog\/wp-content\/uploads\/2022\/04\/ro_por_trabajo.png\" alt=\"\" class=\"wp-image-2249\" srcset=\"https:\/\/warissoft.com\/blog\/wp-content\/uploads\/2022\/04\/ro_por_trabajo.png 822w, https:\/\/warissoft.com\/blog\/wp-content\/uploads\/2022\/04\/ro_por_trabajo-300x282.png 300w, https:\/\/warissoft.com\/blog\/wp-content\/uploads\/2022\/04\/ro_por_trabajo-768x723.png 768w\" sizes=\"auto, (max-width: 822px) 100vw, 822px\" \/><figcaption>REPORTE DEL RESULTADO OPERATIVO DE UN TRABAJO<\/figcaption><\/figure>\n<\/div>\n\n\n\n<div class=\"wp-block-column is-layout-flow wp-block-column-is-layout-flow\" style=\"flex-basis:33.33%\">\n<p>En la <strong>cabecera<\/strong> observamos los datos generales del Trabajo. El avances programados y real en la fecha de la \u00faltima supervisi\u00f3n que se le ha realizado.<\/p>\n\n\n\n<p>En el <strong>cuerpo<\/strong> del reporte se muestra la cantidad y costos de los recursos realmente utilizados, clasificados por su tipo de costo, incluido el subcontrato.<\/p>\n\n\n\n<p>En el pie se advierte la comparaci\u00f3n  de las estructuras de costos, programada y real. Adem\u00e1s, el \u00edndice del resultado operativo (CPI).   <\/p>\n<\/div>\n<\/div>\n\n\n\n<h5 class=\"wp-block-heading\">AN\u00c1LISIS DEL VALOR GANADO DE CADA TRABAJO<\/h5>\n\n\n\n<p>Durante la ejecuci\u00f3n y el control de la obra, semanalmente, o la frecuencia que se haya decidido realizar la supervisi\u00f3n, podemos obtener los resultados operativos de cada uno de los Trabajos y analizarlos utilizando el m\u00e9todo del Valor ganado. <\/p>\n\n\n\n<figure class=\"wp-block-image size-large\"><img loading=\"lazy\" decoding=\"async\" width=\"1024\" height=\"897\" src=\"http:\/\/warissoft.com\/blog\/wp-content\/uploads\/2022\/04\/reporte_del_evm_trabajos-1024x897.png\" alt=\"\" class=\"wp-image-2247\" srcset=\"https:\/\/warissoft.com\/blog\/wp-content\/uploads\/2022\/04\/reporte_del_evm_trabajos-1024x897.png 1024w, https:\/\/warissoft.com\/blog\/wp-content\/uploads\/2022\/04\/reporte_del_evm_trabajos-300x263.png 300w, https:\/\/warissoft.com\/blog\/wp-content\/uploads\/2022\/04\/reporte_del_evm_trabajos-768x673.png 768w, https:\/\/warissoft.com\/blog\/wp-content\/uploads\/2022\/04\/reporte_del_evm_trabajos.png 1180w\" sizes=\"auto, (max-width: 1024px) 100vw, 1024px\" \/><\/figure>\n\n\n\n<div class=\"wp-block-columns is-layout-flex wp-container-core-columns-is-layout-9d6595d7 wp-block-columns-is-layout-flex\">\n<div class=\"wp-block-column is-layout-flow wp-block-column-is-layout-flow\"><\/div>\n\n\n\n<div class=\"wp-block-column is-layout-flow wp-block-column-is-layout-flow\"><\/div>\n<\/div>\n","protected":false},"excerpt":{"rendered":"<p>Una de las principales caracter\u00edsticas de la plataforma es proporcionar semanalmente los resultados operativos del trabajo realizado. EL TRABAJO COMO[&#8230;]<\/p>\n","protected":false},"author":2,"featured_media":0,"parent":428,"menu_order":5,"comment_status":"closed","ping_status":"closed","template":"","meta":{"footnotes":""},"class_list":["post-1226","page","type-page","status-publish","hentry"],"_links":{"self":[{"href":"https:\/\/warissoft.com\/blog\/wp-json\/wp\/v2\/pages\/1226","targetHints":{"allow":["GET"]}}],"collection":[{"href":"https:\/\/warissoft.com\/blog\/wp-json\/wp\/v2\/pages"}],"about":[{"href":"https:\/\/warissoft.com\/blog\/wp-json\/wp\/v2\/types\/page"}],"author":[{"embeddable":true,"href":"https:\/\/warissoft.com\/blog\/wp-json\/wp\/v2\/users\/2"}],"replies":[{"embeddable":true,"href":"https:\/\/warissoft.com\/blog\/wp-json\/wp\/v2\/comments?post=1226"}],"version-history":[{"count":42,"href":"https:\/\/warissoft.com\/blog\/wp-json\/wp\/v2\/pages\/1226\/revisions"}],"predecessor-version":[{"id":2275,"href":"https:\/\/warissoft.com\/blog\/wp-json\/wp\/v2\/pages\/1226\/revisions\/2275"}],"up":[{"embeddable":true,"href":"https:\/\/warissoft.com\/blog\/wp-json\/wp\/v2\/pages\/428"}],"wp:attachment":[{"href":"https:\/\/warissoft.com\/blog\/wp-json\/wp\/v2\/media?parent=1226"}],"curies":[{"name":"wp","href":"https:\/\/api.w.org\/{rel}","templated":true}]}}